{"id":5137,"date":"2024-06-04T23:30:49","date_gmt":"2024-06-05T02:30:49","guid":{"rendered":"https:\/\/palevioletred-porcupine-193407.hostingersite.com\/traduccion-de-documentos-2\/"},"modified":"2024-08-04T19:54:12","modified_gmt":"2024-08-04T22:54:12","slug":"traduccion-de-documentos-2","status":"publish","type":"page","link":"https:\/\/wtsintercambio.com\/es\/traduccion-de-documentos-2\/","title":{"rendered":"Traducci\u00f3n de documentos"},"content":{"rendered":"\t\t<div data-elementor-type=\"wp-page\" data-elementor-id=\"5137\" class=\"elementor elementor-5137 elementor-3688\" data-elementor-post-type=\"page\">\n\t\t\t\t<div class=\"elementor-element elementor-element-fe1dcef e-flex e-con-boxed e-con e-parent\" data-id=\"fe1dcef\" data-element_type=\"container\" data-e-type=\"container\" data-settings=\"{&quot;background_background&quot;:&quot;classic&quot;}\">\n\t\t\t\t\t<div class=\"e-con-inner\">\n\t\t<div class=\"elementor-element elementor-element-d2f2b42 e-flex e-con-boxed e-con e-child\" data-id=\"d2f2b42\" data-element_type=\"container\" data-e-type=\"container\">\n\t\t\t\t\t<div class=\"e-con-inner\">\n\t\t<div class=\"elementor-element elementor-element-fb1423a e-flex e-con-boxed e-con e-child\" data-id=\"fb1423a\" data-element_type=\"container\" data-e-type=\"container\">\n\t\t\t\t\t<div class=\"e-con-inner\">\n\t\t\t\t\t<\/div>\n\t\t\t\t<\/div>\n\t\t<div class=\"elementor-element elementor-element-9822436 e-flex e-con-boxed e-con e-child\" data-id=\"9822436\" data-element_type=\"container\" data-e-type=\"container\">\n\t\t\t\t\t<div class=\"e-con-inner\">\n\t\t\t\t\t<\/div>\n\t\t\t\t<\/div>\n\t\t\t\t\t<\/div>\n\t\t\t\t<\/div>\n\t\t\t\t\t<\/div>\n\t\t\t\t<\/div>\n\t\t<div class=\"elementor-element elementor-element-073fcba e-flex e-con-boxed e-con e-parent\" data-id=\"073fcba\" data-element_type=\"container\" data-e-type=\"container\">\n\t\t\t\t\t<div class=\"e-con-inner\">\n\t\t<div class=\"elementor-element elementor-element-5c589a2 e-flex e-con-boxed e-con e-child\" data-id=\"5c589a2\" data-element_type=\"container\" data-e-type=\"container\">\n\t\t\t\t\t<div class=\"e-con-inner\">\n\t\t\t\t<div class=\"elementor-element elementor-element-0fdbb2a elementor-widget elementor-widget-heading\" data-id=\"0fdbb2a\" data-element_type=\"widget\" data-e-type=\"widget\" data-widget_type=\"heading.default\">\n\t\t\t\t<div class=\"elementor-widget-container\">\n\t\t\t\t\t<h2 class=\"elementor-heading-title elementor-size-default\">Traducci\u00f3n de documentos<\/h2>\t\t\t\t<\/div>\n\t\t\t\t<\/div>\n\t\t\t\t<div class=\"elementor-element elementor-element-0511d6a elementor-widget elementor-widget-text-editor\" data-id=\"0511d6a\" data-element_type=\"widget\" data-e-type=\"widget\" data-widget_type=\"text-editor.default\">\n\t\t\t\t<div class=\"elementor-widget-container\">\n\t\t\t\t\t\t\t\t\t<p><span style=\"font-weight: 400;\">Organizamos servicios de traducci\u00f3n de documentos en varios idiomas.<br \/>\nLas traducciones siguen estrictas normas internacionales de calidad, certificadas por la ATA &#8211; Asociaci\u00f3n Americana de Traductores, la C\u00e1mara de Comercio del Mercosur, la C\u00e1mara Brasil-Alemania, la C\u00e1mara de Comercio Americana y la C\u00e1mara de Comercio Americana de Florida, EE.UU.<br \/>\nLas traducciones pueden ser juradas o no juradas.    <\/span><\/p>\n<p><span style=\"font-weight: 400;\">Para participar en un programa de licenciatura, grado o posgrado en el extranjero, las instituciones educativas te pedir\u00e1n que hagas traducir y jurar los documentos presentados para el proceso de admisi\u00f3n.<br \/>\nS\u00f3lo entonces ser\u00e1n v\u00e1lidos los documentos. <\/span><\/p>\n\t\t\t\t\t\t\t\t<\/div>\n\t\t\t\t<\/div>\n\t\t\t\t\t<\/div>\n\t\t\t\t<\/div>\n\t\t<div class=\"elementor-element elementor-element-609a1ad e-flex e-con-boxed e-con e-child\" data-id=\"609a1ad\" data-element_type=\"container\" data-e-type=\"container\">\n\t\t\t\t\t<div class=\"e-con-inner\">\n\t\t\t\t<div class=\"elementor-element elementor-element-3c20f8b elementor-widget elementor-widget-image\" data-id=\"3c20f8b\" data-element_type=\"widget\" data-e-type=\"widget\" data-widget_type=\"image.default\">\n\t\t\t\t<div class=\"elementor-widget-container\">\n\t\t\t\t\t\t\t\t\t\t\t\t\t\t\t<img fetchpriority=\"high\" decoding=\"async\" width=\"1080\" height=\"1080\" src=\"https:\/\/wtsintercambio.com\/wp-content\/uploads\/2024\/06\/9.jpg\" class=\"attachment-full size-full wp-image-4738\" alt=\"\" srcset=\"https:\/\/wtsintercambio.com\/wp-content\/uploads\/2024\/06\/9.jpg 1080w, https:\/\/wtsintercambio.com\/wp-content\/uploads\/2024\/06\/9-300x300.jpg 300w, https:\/\/wtsintercambio.com\/wp-content\/uploads\/2024\/06\/9-1024x1024.jpg 1024w, https:\/\/wtsintercambio.com\/wp-content\/uploads\/2024\/06\/9-150x150.jpg 150w, https:\/\/wtsintercambio.com\/wp-content\/uploads\/2024\/06\/9-768x768.jpg 768w\" sizes=\"(max-width: 1080px) 100vw, 1080px\" \/>\t\t\t\t\t\t\t\t\t\t\t\t\t\t\t<\/div>\n\t\t\t\t<\/div>\n\t\t\t\t\t<\/div>\n\t\t\t\t<\/div>\n\t\t\t\t\t<\/div>\n\t\t\t\t<\/div>\n\t\t<div class=\"elementor-element elementor-element-ef3ccae e-flex e-con-boxed e-con e-parent\" data-id=\"ef3ccae\" data-element_type=\"container\" data-e-type=\"container\" data-settings=\"{&quot;background_background&quot;:&quot;classic&quot;}\">\n\t\t\t\t\t<div class=\"e-con-inner\">\n\t\t\t\t<div class=\"elementor-element elementor-element-c61cb5c elementor-widget elementor-widget-heading\" data-id=\"c61cb5c\" data-element_type=\"widget\" data-e-type=\"widget\" data-widget_type=\"heading.default\">\n\t\t\t\t<div class=\"elementor-widget-container\">\n\t\t\t\t\t<h2 class=\"elementor-heading-title elementor-size-default\">\u00bfQuieres saber m\u00e1s?\n\u00a1Ponte en contacto! <\/h2>\t\t\t\t<\/div>\n\t\t\t\t<\/div>\n\t\t\t\t<div class=\"elementor-element elementor-element-09c4664 elementor-button-align-stretch elementor-widget elementor-widget-form\" data-id=\"09c4664\" data-element_type=\"widget\" data-e-type=\"widget\" data-settings=\"{&quot;step_next_label&quot;:&quot;Siguiente&quot;,&quot;step_previous_label&quot;:&quot;Anterior&quot;,&quot;button_width&quot;:&quot;100&quot;,&quot;step_type&quot;:&quot;number_text&quot;,&quot;step_icon_shape&quot;:&quot;circle&quot;}\" data-widget_type=\"form.default\">\n\t\t\t\t<div class=\"elementor-widget-container\">\n\t\t\t\t\t\t\t<form class=\"elementor-form\" method=\"post\" name=\"Ponte en contacto con\" aria-label=\"Ponte en contacto con\">\n\t\t\t<input type=\"hidden\" name=\"post_id\" value=\"5137\"\/>\n\t\t\t<input type=\"hidden\" name=\"form_id\" value=\"09c4664\"\/>\n\t\t\t<input type=\"hidden\" name=\"referer_title\" value=\"Traducci\u00f3n de documentos - WTS Interc\u00e2mbio\" \/>\n\n\t\t\t\t\t\t\t<input type=\"hidden\" name=\"queried_id\" value=\"5137\"\/>\n\t\t\t\n\t\t\t<div class=\"elementor-form-fields-wrapper elementor-labels-above\">\n\t\t\t\t\t\t\t\t<div class=\"elementor-field-type-text elementor-field-group elementor-column elementor-field-group-name elementor-col-50\">\n\t\t\t\t\t\t\t\t\t\t\t\t<label for=\"form-field-name\" class=\"elementor-field-label\">\n\t\t\t\t\t\t\t\tNombre\t\t\t\t\t\t\t<\/label>\n\t\t\t\t\t\t\t\t\t\t\t\t\t\t<input size=\"1\" type=\"text\" name=\"form_fields[name]\" id=\"form-field-name\" class=\"elementor-field elementor-size-sm  elementor-field-textual\" placeholder=\"Nombre\">\n\t\t\t\t\t\t\t\t\t\t\t<\/div>\n\t\t\t\t\t\t\t\t<div class=\"elementor-field-type-email elementor-field-group elementor-column elementor-field-group-email elementor-col-50 elementor-field-required\">\n\t\t\t\t\t\t\t\t\t\t\t\t<label for=\"form-field-email\" class=\"elementor-field-label\">\n\t\t\t\t\t\t\t\tEnv\u00eda un correo electr\u00f3nico a\t\t\t\t\t\t\t<\/label>\n\t\t\t\t\t\t\t\t\t\t\t\t\t\t<input size=\"1\" type=\"email\" name=\"form_fields[email]\" id=\"form-field-email\" class=\"elementor-field elementor-size-sm  elementor-field-textual\" placeholder=\"Env\u00eda un correo electr\u00f3nico a\" required=\"required\">\n\t\t\t\t\t\t\t\t\t\t\t<\/div>\n\t\t\t\t\t\t\t\t<div class=\"elementor-field-type-text elementor-field-group elementor-column elementor-field-group-field_e576465 elementor-col-50\">\n\t\t\t\t\t\t\t\t\t\t\t\t<label for=\"form-field-field_e576465\" class=\"elementor-field-label\">\n\t\t\t\t\t\t\t\tTel\u00e9fono\t\t\t\t\t\t\t<\/label>\n\t\t\t\t\t\t\t\t\t\t\t\t\t\t<input size=\"1\" type=\"text\" name=\"form_fields[field_e576465]\" id=\"form-field-field_e576465\" class=\"elementor-field elementor-size-sm  elementor-field-textual\" placeholder=\"Preferiblemente proporciona un n\u00famero de WhatsApp\">\n\t\t\t\t\t\t\t\t\t\t\t<\/div>\n\t\t\t\t\t\t\t\t<div class=\"elementor-field-type-text elementor-field-group elementor-column elementor-field-group-field_c3a4613 elementor-col-50\">\n\t\t\t\t\t\t\t\t\t\t\t\t<label for=\"form-field-field_c3a4613\" class=\"elementor-field-label\">\n\t\t\t\t\t\t\t\tCiudad\t\t\t\t\t\t\t<\/label>\n\t\t\t\t\t\t\t\t\t\t\t\t\t\t<input size=\"1\" type=\"text\" name=\"form_fields[field_c3a4613]\" id=\"form-field-field_c3a4613\" class=\"elementor-field elementor-size-sm  elementor-field-textual\" placeholder=\"Introduce tu pa\u00eds de origen\">\n\t\t\t\t\t\t\t\t\t\t\t<\/div>\n\t\t\t\t\t\t\t\t<div class=\"elementor-field-type-textarea elementor-field-group elementor-column elementor-field-group-message elementor-col-100\">\n\t\t\t\t\t\t\t\t\t\t\t\t<label for=\"form-field-message\" class=\"elementor-field-label\">\n\t\t\t\t\t\t\t\tMensaje\t\t\t\t\t\t\t<\/label>\n\t\t\t\t\t\t<textarea class=\"elementor-field-textual elementor-field  elementor-size-sm\" name=\"form_fields[message]\" id=\"form-field-message\" rows=\"4\" placeholder=\"Mensaje\"><\/textarea>\t\t\t\t<\/div>\n\t\t\t\t\t\t\t\t<div class=\"elementor-field-group elementor-column elementor-field-type-submit elementor-col-100 e-form__buttons\">\n\t\t\t\t\t<button class=\"elementor-button elementor-size-md\" type=\"submit\">\n\t\t\t\t\t\t<span class=\"elementor-button-content-wrapper\">\n\t\t\t\t\t\t\t\t\t\t\t\t\t\t\t\t\t\t\t\t\t\t<span class=\"elementor-button-text\">Enviar mensaje<\/span>\n\t\t\t\t\t\t\t\t\t\t\t\t\t<\/span>\n\t\t\t\t\t<\/button>\n\t\t\t\t<\/div>\n\t\t\t<\/div>\n\t\t<\/form>\n\t\t\t\t\t\t<\/div>\n\t\t\t\t<\/div>\n\t\t\t\t<div class=\"elementor-element elementor-element-ca02c20 elementor-icon-list--layout-traditional elementor-list-item-link-full_width elementor-widget elementor-widget-icon-list\" data-id=\"ca02c20\" data-element_type=\"widget\" data-e-type=\"widget\" data-widget_type=\"icon-list.default\">\n\t\t\t\t<div class=\"elementor-widget-container\">\n\t\t\t\t\t\t\t<ul class=\"elementor-icon-list-items\">\n\t\t\t\t\t\t\t<li class=\"elementor-icon-list-item\">\n\t\t\t\t\t\t\t\t\t\t\t<span class=\"elementor-icon-list-icon\">\n\t\t\t\t\t\t\t<i aria-hidden=\"true\" class=\"fab fa-teamspeak\"><\/i>\t\t\t\t\t\t<\/span>\n\t\t\t\t\t\t\t\t\t\t<span class=\"elementor-icon-list-text\">Consultores especializados<\/span>\n\t\t\t\t\t\t\t\t\t<\/li>\n\t\t\t\t\t\t\t\t<li class=\"elementor-icon-list-item\">\n\t\t\t\t\t\t\t\t\t\t\t<span class=\"elementor-icon-list-icon\">\n\t\t\t\t\t\t\t<i aria-hidden=\"true\" class=\"fas fa-thumbs-up\"><\/i>\t\t\t\t\t\t<\/span>\n\t\t\t\t\t\t\t\t\t\t<span class=\"elementor-icon-list-text\">Servicio gratuito<\/span>\n\t\t\t\t\t\t\t\t\t<\/li>\n\t\t\t\t\t\t\t\t<li class=\"elementor-icon-list-item\">\n\t\t\t\t\t\t\t\t\t\t\t<span class=\"elementor-icon-list-icon\">\n\t\t\t\t\t\t\t<i aria-hidden=\"true\" class=\"far fa-envelope\"><\/i>\t\t\t\t\t\t<\/span>\n\t\t\t\t\t\t\t\t\t\t<span class=\"elementor-icon-list-text\">Recibe nuestro bolet\u00edn<\/span>\n\t\t\t\t\t\t\t\t\t<\/li>\n\t\t\t\t\t\t<\/ul>\n\t\t\t\t\t\t<\/div>\n\t\t\t\t<\/div>\n\t\t\t\t\t<\/div>\n\t\t\t\t<\/div>\n\t\t\t\t<\/div>\n\t\t","protected":false},"excerpt":{"rendered":"<p>Traducci\u00f3n de documentos Organizamos servicios de traducci\u00f3n de documentos en varios idiomas. Las traducciones siguen estrictas normas internacionales de calidad, [&hellip;]<\/p>\n","protected":false},"author":1,"featured_media":0,"parent":0,"menu_order":0,"comment_status":"closed","ping_status":"closed","template":"","meta":{"_monsterinsights_skip_tracking":false,"_monsterinsights_sitenote_active":false,"_monsterinsights_sitenote_note":"","_monsterinsights_sitenote_category":0,"site-sidebar-layout":"no-sidebar","site-content-layout":"page-builder","ast-site-content-layout":"full-width-container","site-content-style":"default","site-sidebar-style":"default","ast-global-header-display":"","ast-banner-title-visibility":"","ast-main-header-display":"","ast-hfb-above-header-display":"","ast-hfb-below-header-display":"","ast-hfb-mobile-header-display":"","site-post-title":"disabled","ast-breadcrumbs-content":"","ast-featured-img":"disabled","footer-sml-layout":"","theme-transparent-header-meta":"","adv-header-id-meta":"","stick-header-meta":"","header-above-stick-meta":"","header-main-stick-meta":"","header-below-stick-meta":"","astra-migrate-meta-layouts":"default","ast-page-background-enabled":"default","ast-page-background-meta":{"desktop":{"background-color":"var(--ast-global-color-4)","background-image":"","background-repeat":"repeat","background-position":"center center","background-size":"auto","background-attachment":"scroll","background-type":"","background-media":"","overlay-type":"","overlay-color":"","overlay-gradient":""},"tablet":{"background-color":"","background-image":"","background-repeat":"repeat","background-position":"center center","background-size":"auto","background-attachment":"scroll","background-type":"","background-media":"","overlay-type":"","overlay-color":"","overlay-gradient":""},"mobile":{"background-color":"","background-image":"","background-repeat":"repeat","background-position":"center center","background-size":"auto","background-attachment":"scroll","background-type":"","background-media":"","overlay-type":"","overlay-color":"","overlay-gradient":""}},"ast-content-background-meta":{"desktop":{"background-color":"var(--ast-global-color-5)","background-image":"","background-repeat":"repeat","background-position":"center center","background-size":"auto","background-attachment":"scroll","background-type":"","background-media":"","overlay-type":"","overlay-color":"","overlay-gradient":""},"tablet":{"background-color":"var(--ast-global-color-5)","background-image":"","background-repeat":"repeat","background-position":"center center","background-size":"auto","background-attachment":"scroll","background-type":"","background-media":"","overlay-type":"","overlay-color":"","overlay-gradient":""},"mobile":{"background-color":"var(--ast-global-color-5)","background-image":"","background-repeat":"repeat","background-position":"center center","background-size":"auto","background-attachment":"scroll","background-type":"","background-media":"","overlay-type":"","overlay-color":"","overlay-gradient":""}},"footnotes":""},"class_list":["post-5137","page","type-page","status-publish","hentry"],"yoast_head":"<!-- This site is optimized with the Yoast SEO plugin v27.0 - https:\/\/yoast.com\/product\/yoast-seo-wordpress\/ -->\n<title>Traducci\u00f3n de documentos - WTS Interc\u00e2mbio<\/title>\n<meta name=\"description\" content=\"Traducci\u00f3n de documentos   Organizamos servicios de traducci\u00f3n de documentos en varios idiomas. Las traducciones siguen estrictas normas internacionales de calidad, certificadas por la ATA - Asociaci\u00f3n Americana de Traductores, la C\u00e1mara de Comercio del Mercosur, la C\u00e1mara Brasil-Alemania, la C\u00e1mara de Comercio Americana y la C\u00e1mara de Comercio Americana de Florida, EE.UU. Las traducciones pueden ser juradas o no juradas.   Para participar en un programa de licenciatura, grado o posgrado en el extranjero, las instituciones educativas te pedir\u00e1n que hagas traducir y jurar los documentos presentados para el proceso de admisi\u00f3n. S\u00f3lo entonces ser\u00e1n v\u00e1lidos los documentos.                \u00bfQuieres saber m\u00e1s? \u00a1Ponte en contacto!                     Consultores especializados                      Servicio gratuito                      Recibe nuestro bolet\u00edn\" \/>\n<meta name=\"robots\" content=\"index, follow, max-snippet:-1, max-image-preview:large, max-video-preview:-1\" \/>\n<link rel=\"canonical\" href=\"https:\/\/wtsintercambio.com\/traducao-de-documentos\/\" \/>\n<meta property=\"og:locale\" content=\"es_ES\" \/>\n<meta property=\"og:type\" content=\"article\" \/>\n<meta property=\"og:title\" content=\"Traducci\u00f3n de documentos - WTS Interc\u00e2mbio\" \/>\n<meta property=\"og:description\" content=\"Traducci\u00f3n de documentos   Organizamos servicios de traducci\u00f3n de documentos en varios idiomas. Las traducciones siguen estrictas normas internacionales de calidad, certificadas por la ATA - Asociaci\u00f3n Americana de Traductores, la C\u00e1mara de Comercio del Mercosur, la C\u00e1mara Brasil-Alemania, la C\u00e1mara de Comercio Americana y la C\u00e1mara de Comercio Americana de Florida, EE.UU. Las traducciones pueden ser juradas o no juradas.   Para participar en un programa de licenciatura, grado o posgrado en el extranjero, las instituciones educativas te pedir\u00e1n que hagas traducir y jurar los documentos presentados para el proceso de admisi\u00f3n. S\u00f3lo entonces ser\u00e1n v\u00e1lidos los documentos.                \u00bfQuieres saber m\u00e1s? \u00a1Ponte en contacto!                     Consultores especializados                      Servicio gratuito                      Recibe nuestro bolet\u00edn\" \/>\n<meta property=\"og:url\" content=\"https:\/\/wtsintercambio.com\/traducao-de-documentos\/\" \/>\n<meta property=\"og:site_name\" content=\"WTS Interc\u00e2mbio\" \/>\n<meta property=\"article:modified_time\" content=\"2024-08-04T22:54:12+00:00\" \/>\n<meta property=\"og:image\" content=\"http:\/\/wtsintercambio.com\/wp-content\/uploads\/2024\/06\/9.jpg\" \/>\n<meta name=\"twitter:card\" content=\"summary_large_image\" \/>\n<meta name=\"twitter:label1\" content=\"Tiempo de lectura\" \/>\n\t<meta name=\"twitter:data1\" content=\"1 minuto\" \/>\n<script type=\"application\/ld+json\" class=\"yoast-schema-graph\">{\"@context\":\"https:\/\/schema.org\",\"@graph\":[{\"@type\":\"WebPage\",\"@id\":\"https:\/\/wtsintercambio.com\/traducao-de-documentos\/\",\"url\":\"https:\/\/wtsintercambio.com\/traducao-de-documentos\/\",\"name\":\"Traducci\u00f3n de documentos - WTS Interc\u00e2mbio\",\"isPartOf\":{\"@id\":\"https:\/\/wtsintercambio.com\/#website\"},\"primaryImageOfPage\":{\"@id\":\"https:\/\/wtsintercambio.com\/traducao-de-documentos\/#primaryimage\"},\"image\":{\"@id\":\"https:\/\/wtsintercambio.com\/traducao-de-documentos\/#primaryimage\"},\"thumbnailUrl\":\"http:\/\/wtsintercambio.com\/wp-content\/uploads\/2024\/06\/9.jpg\",\"datePublished\":\"2024-06-05T02:30:49+00:00\",\"dateModified\":\"2024-08-04T22:54:12+00:00\",\"description\":\"Traducci\u00f3n de documentos Organizamos servicios de traducci\u00f3n de documentos en varios idiomas. Las traducciones siguen estrictas normas internacionales de calidad, certificadas por la ATA - Asociaci\u00f3n Americana de Traductores, la C\u00e1mara de Comercio del Mercosur, la C\u00e1mara Brasil-Alemania, la C\u00e1mara de Comercio Americana y la C\u00e1mara de Comercio Americana de Florida, EE.UU. Las traducciones pueden ser juradas o no juradas. Para participar en un programa de licenciatura, grado o posgrado en el extranjero, las instituciones educativas te pedir\u00e1n que hagas traducir y jurar los documentos presentados para el proceso de admisi\u00f3n. S\u00f3lo entonces ser\u00e1n v\u00e1lidos los documentos. \u00bfQuieres saber m\u00e1s? \u00a1Ponte en contacto! Consultores especializados Servicio gratuito Recibe nuestro bolet\u00edn\",\"breadcrumb\":{\"@id\":\"https:\/\/wtsintercambio.com\/traducao-de-documentos\/#breadcrumb\"},\"inLanguage\":\"es\",\"potentialAction\":[{\"@type\":\"ReadAction\",\"target\":[\"https:\/\/wtsintercambio.com\/traducao-de-documentos\/\"]}]},{\"@type\":\"ImageObject\",\"inLanguage\":\"es\",\"@id\":\"https:\/\/wtsintercambio.com\/traducao-de-documentos\/#primaryimage\",\"url\":\"http:\/\/wtsintercambio.com\/wp-content\/uploads\/2024\/06\/9.jpg\",\"contentUrl\":\"http:\/\/wtsintercambio.com\/wp-content\/uploads\/2024\/06\/9.jpg\"},{\"@type\":\"BreadcrumbList\",\"@id\":\"https:\/\/wtsintercambio.com\/traducao-de-documentos\/#breadcrumb\",\"itemListElement\":[{\"@type\":\"ListItem\",\"position\":1,\"name\":\"In\u00edcio\",\"item\":\"https:\/\/wtsintercambio.com\/es\/\"},{\"@type\":\"ListItem\",\"position\":2,\"name\":\"Traducci\u00f3n de documentos\"}]},{\"@type\":\"WebSite\",\"@id\":\"https:\/\/wtsintercambio.com\/#website\",\"url\":\"https:\/\/wtsintercambio.com\/\",\"name\":\"WTS Interc\u00e2mbio\",\"description\":\"Cursos no Exterior e Programas de Interc\u00e2mbio.\",\"potentialAction\":[{\"@type\":\"SearchAction\",\"target\":{\"@type\":\"EntryPoint\",\"urlTemplate\":\"https:\/\/wtsintercambio.com\/?s={search_term_string}\"},\"query-input\":{\"@type\":\"PropertyValueSpecification\",\"valueRequired\":true,\"valueName\":\"search_term_string\"}}],\"inLanguage\":\"es\"}]}<\/script>\n<!-- \/ Yoast SEO plugin. -->","yoast_head_json":{"title":"Traducci\u00f3n de documentos - WTS Interc\u00e2mbio","description":"Traducci\u00f3n de documentos   Organizamos servicios de traducci\u00f3n de documentos en varios idiomas. Las traducciones siguen estrictas normas internacionales de calidad, certificadas por la ATA - Asociaci\u00f3n Americana de Traductores, la C\u00e1mara de Comercio del Mercosur, la C\u00e1mara Brasil-Alemania, la C\u00e1mara de Comercio Americana y la C\u00e1mara de Comercio Americana de Florida, EE.UU. Las traducciones pueden ser juradas o no juradas.   Para participar en un programa de licenciatura, grado o posgrado en el extranjero, las instituciones educativas te pedir\u00e1n que hagas traducir y jurar los documentos presentados para el proceso de admisi\u00f3n. S\u00f3lo entonces ser\u00e1n v\u00e1lidos los documentos.                \u00bfQuieres saber m\u00e1s? \u00a1Ponte en contacto!                     Consultores especializados                      Servicio gratuito                      Recibe nuestro bolet\u00edn","robots":{"index":"index","follow":"follow","max-snippet":"max-snippet:-1","max-image-preview":"max-image-preview:large","max-video-preview":"max-video-preview:-1"},"canonical":"https:\/\/wtsintercambio.com\/traducao-de-documentos\/","og_locale":"es_ES","og_type":"article","og_title":"Traducci\u00f3n de documentos - WTS Interc\u00e2mbio","og_description":"Traducci\u00f3n de documentos   Organizamos servicios de traducci\u00f3n de documentos en varios idiomas. Las traducciones siguen estrictas normas internacionales de calidad, certificadas por la ATA - Asociaci\u00f3n Americana de Traductores, la C\u00e1mara de Comercio del Mercosur, la C\u00e1mara Brasil-Alemania, la C\u00e1mara de Comercio Americana y la C\u00e1mara de Comercio Americana de Florida, EE.UU. Las traducciones pueden ser juradas o no juradas.   Para participar en un programa de licenciatura, grado o posgrado en el extranjero, las instituciones educativas te pedir\u00e1n que hagas traducir y jurar los documentos presentados para el proceso de admisi\u00f3n. S\u00f3lo entonces ser\u00e1n v\u00e1lidos los documentos.                \u00bfQuieres saber m\u00e1s? \u00a1Ponte en contacto!                     Consultores especializados                      Servicio gratuito                      Recibe nuestro bolet\u00edn","og_url":"https:\/\/wtsintercambio.com\/traducao-de-documentos\/","og_site_name":"WTS Interc\u00e2mbio","article_modified_time":"2024-08-04T22:54:12+00:00","og_image":[{"url":"http:\/\/wtsintercambio.com\/wp-content\/uploads\/2024\/06\/9.jpg","type":"","width":"","height":""}],"twitter_card":"summary_large_image","twitter_misc":{"Tiempo de lectura":"1 minuto"},"schema":{"@context":"https:\/\/schema.org","@graph":[{"@type":"WebPage","@id":"https:\/\/wtsintercambio.com\/traducao-de-documentos\/","url":"https:\/\/wtsintercambio.com\/traducao-de-documentos\/","name":"Traducci\u00f3n de documentos - WTS Interc\u00e2mbio","isPartOf":{"@id":"https:\/\/wtsintercambio.com\/#website"},"primaryImageOfPage":{"@id":"https:\/\/wtsintercambio.com\/traducao-de-documentos\/#primaryimage"},"image":{"@id":"https:\/\/wtsintercambio.com\/traducao-de-documentos\/#primaryimage"},"thumbnailUrl":"http:\/\/wtsintercambio.com\/wp-content\/uploads\/2024\/06\/9.jpg","datePublished":"2024-06-05T02:30:49+00:00","dateModified":"2024-08-04T22:54:12+00:00","description":"Traducci\u00f3n de documentos Organizamos servicios de traducci\u00f3n de documentos en varios idiomas. Las traducciones siguen estrictas normas internacionales de calidad, certificadas por la ATA - Asociaci\u00f3n Americana de Traductores, la C\u00e1mara de Comercio del Mercosur, la C\u00e1mara Brasil-Alemania, la C\u00e1mara de Comercio Americana y la C\u00e1mara de Comercio Americana de Florida, EE.UU. Las traducciones pueden ser juradas o no juradas. Para participar en un programa de licenciatura, grado o posgrado en el extranjero, las instituciones educativas te pedir\u00e1n que hagas traducir y jurar los documentos presentados para el proceso de admisi\u00f3n. S\u00f3lo entonces ser\u00e1n v\u00e1lidos los documentos. \u00bfQuieres saber m\u00e1s? \u00a1Ponte en contacto! Consultores especializados Servicio gratuito Recibe nuestro bolet\u00edn","breadcrumb":{"@id":"https:\/\/wtsintercambio.com\/traducao-de-documentos\/#breadcrumb"},"inLanguage":"es","potentialAction":[{"@type":"ReadAction","target":["https:\/\/wtsintercambio.com\/traducao-de-documentos\/"]}]},{"@type":"ImageObject","inLanguage":"es","@id":"https:\/\/wtsintercambio.com\/traducao-de-documentos\/#primaryimage","url":"http:\/\/wtsintercambio.com\/wp-content\/uploads\/2024\/06\/9.jpg","contentUrl":"http:\/\/wtsintercambio.com\/wp-content\/uploads\/2024\/06\/9.jpg"},{"@type":"BreadcrumbList","@id":"https:\/\/wtsintercambio.com\/traducao-de-documentos\/#breadcrumb","itemListElement":[{"@type":"ListItem","position":1,"name":"In\u00edcio","item":"https:\/\/wtsintercambio.com\/es\/"},{"@type":"ListItem","position":2,"name":"Traducci\u00f3n de documentos"}]},{"@type":"WebSite","@id":"https:\/\/wtsintercambio.com\/#website","url":"https:\/\/wtsintercambio.com\/","name":"WTS Interc\u00e2mbio","description":"Cursos no Exterior e Programas de Interc\u00e2mbio.","potentialAction":[{"@type":"SearchAction","target":{"@type":"EntryPoint","urlTemplate":"https:\/\/wtsintercambio.com\/?s={search_term_string}"},"query-input":{"@type":"PropertyValueSpecification","valueRequired":true,"valueName":"search_term_string"}}],"inLanguage":"es"}]}},"_hostinger_reach_plugin_has_subscription_block":false,"_hostinger_reach_plugin_is_elementor":false,"_links":{"self":[{"href":"https:\/\/wtsintercambio.com\/es\/wp-json\/wp\/v2\/pages\/5137","targetHints":{"allow":["GET"]}}],"collection":[{"href":"https:\/\/wtsintercambio.com\/es\/wp-json\/wp\/v2\/pages"}],"about":[{"href":"https:\/\/wtsintercambio.com\/es\/wp-json\/wp\/v2\/types\/page"}],"author":[{"embeddable":true,"href":"https:\/\/wtsintercambio.com\/es\/wp-json\/wp\/v2\/users\/1"}],"replies":[{"embeddable":true,"href":"https:\/\/wtsintercambio.com\/es\/wp-json\/wp\/v2\/comments?post=5137"}],"version-history":[{"count":1,"href":"https:\/\/wtsintercambio.com\/es\/wp-json\/wp\/v2\/pages\/5137\/revisions"}],"predecessor-version":[{"id":5141,"href":"https:\/\/wtsintercambio.com\/es\/wp-json\/wp\/v2\/pages\/5137\/revisions\/5141"}],"wp:attachment":[{"href":"https:\/\/wtsintercambio.com\/es\/wp-json\/wp\/v2\/media?parent=5137"}],"curies":[{"name":"wp","href":"https:\/\/api.w.org\/{rel}","templated":true}]}}