{"id":7297,"date":"2025-02-09T14:24:58","date_gmt":"2025-02-09T17:24:58","guid":{"rendered":"https:\/\/palevioletred-porcupine-193407.hostingersite.com\/politica-de-privacidade\/"},"modified":"2025-02-09T14:32:59","modified_gmt":"2025-02-09T17:32:59","slug":"politica-de-privacidad","status":"publish","type":"page","link":"https:\/\/wtsintercambio.com\/es\/politica-de-privacidad\/","title":{"rendered":"Pol\u00edtica de Privacidad"},"content":{"rendered":"\t\t<div data-elementor-type=\"wp-page\" data-elementor-id=\"7297\" class=\"elementor elementor-7297 elementor-7276\" data-elementor-post-type=\"page\">\n\t\t\t\t<div class=\"elementor-element elementor-element-656a3833 e-flex e-con-boxed e-con e-parent\" data-id=\"656a3833\" data-element_type=\"container\" data-e-type=\"container\" data-settings=\"{&quot;background_background&quot;:&quot;classic&quot;}\">\n\t\t\t\t\t<div class=\"e-con-inner\">\n\t\t<div class=\"elementor-element elementor-element-23a98f6a e-con-full e-flex e-con e-child\" data-id=\"23a98f6a\" data-element_type=\"container\" data-e-type=\"container\">\n\t\t<div class=\"elementor-element elementor-element-2b47940f e-flex e-con-boxed e-con e-child\" data-id=\"2b47940f\" data-element_type=\"container\" data-e-type=\"container\">\n\t\t\t\t\t<div class=\"e-con-inner\">\n\t\t\t\t\t<\/div>\n\t\t\t\t<\/div>\n\t\t<div class=\"elementor-element elementor-element-29571597 e-flex e-con-boxed e-con e-child\" data-id=\"29571597\" data-element_type=\"container\" data-e-type=\"container\">\n\t\t\t\t\t<div class=\"e-con-inner\">\n\t\t\t\t\t<\/div>\n\t\t\t\t<\/div>\n\t\t\t\t<\/div>\n\t\t\t\t\t<\/div>\n\t\t\t\t<\/div>\n\t\t<div class=\"elementor-element elementor-element-48ae1d2e e-flex e-con-boxed e-con e-parent\" data-id=\"48ae1d2e\" data-element_type=\"container\" data-e-type=\"container\">\n\t\t\t\t\t<div class=\"e-con-inner\">\n\t\t\t\t<div class=\"elementor-element elementor-element-7d136ae5 elementor-widget elementor-widget-text-editor\" data-id=\"7d136ae5\" data-element_type=\"widget\" data-e-type=\"widget\" data-widget_type=\"text-editor.default\">\n\t\t\t\t<div class=\"elementor-widget-container\">\n\t\t\t\t\t\t\t\t\t<ol><li><b> Introducci\u00f3n<\/b><\/li><\/ol><p><span style=\"font-weight: 400;\">WTS World Travel Study valora su privacidad y est\u00e1 comprometida con la protecci\u00f3n de sus datos personales. Esta pol\u00edtica describe c\u00f3mo recopilamos, utilizamos y protegemos su informaci\u00f3n cuando accede a nuestro sitio web y utiliza nuestros servicios.<\/span><\/p><ol start=\"2\"><li><b> Recopilaci\u00f3n y Uso de Datos<\/b><\/li><\/ol><p><span style=\"font-weight: 400;\">Recopilamos informaci\u00f3n personal, acad\u00e9mica y financiera para procesar solicitudes, brindar soporte y facilitar visas, admisiones en instituciones educativas y servicios de viaje. Tambi\u00e9n utilizamos datos de navegaci\u00f3n para mejorar su experiencia en nuestro sitio web. Toda la informaci\u00f3n se maneja de manera segura y se utiliza exclusivamente para los fines descritos en esta pol\u00edtica.<\/span><\/p><ol start=\"3\"><li><b> Compartici\u00f3n de Datos<\/b><\/li><\/ol><p><span style=\"font-weight: 400;\">Sus datos pueden ser compartidos \u00fanicamente con instituciones educativas, consulados, socios estrat\u00e9gicos y autoridades pertinentes cuando sea necesario para la prestaci\u00f3n de los servicios contratados. No vendemos ni comercializamos sus datos a terceros.<\/span><\/p><ol start=\"4\"><li><b> Seguridad y Derechos del Usuario<\/b><\/li><\/ol><p><span style=\"font-weight: 400;\">Implementamos medidas de seguridad para proteger su informaci\u00f3n contra accesos no autorizados. Usted tiene derecho a acceder, corregir o solicitar la eliminaci\u00f3n de sus datos, as\u00ed como revocar su consentimiento cuando sea aplicable. Para ejercer sus derechos, cont\u00e1ctenos en <\/span><a href=\"mailto:info@palevioletred-porcupine-193407.hostingersite.com\"><span style=\"font-weight: 400;\">info@palevioletred-porcupine-193407.hostingersite.com<\/span><span style=\"font-weight: 400;\"><br \/><\/span><span style=\"font-weight: 400;\"><br \/><\/span><\/a><b>5. Cookies y Actualizaciones<\/b><\/p><p><span style=\"font-weight: 400;\">Utilizamos cookies para mejorar su experiencia en nuestro sitio web. Si lo prefiere, puede desactivarlas en la configuraci\u00f3n de su navegador. Esta pol\u00edtica puede actualizarse peri\u00f3dicamente para reflejar cambios, por lo que recomendamos revisar esta p\u00e1gina con regularidad.<\/span><\/p><ol start=\"6\"><li><b> Contacto<\/b><\/li><\/ol><p><span style=\"font-weight: 400;\">Para cualquier consulta o solicitud relacionada con nuestra Pol\u00edtica de Privacidad, comun\u00edquese con nosotros a trav\u00e9s del correo electr\u00f3nico <\/span><a href=\"mailto:info@palevioletred-porcupine-193407.hostingersite.com\"><span style=\"font-weight: 400;\">info@palevioletred-porcupine-193407.hostingersite.com<\/span><\/a><\/p>\t\t\t\t\t\t\t\t<\/div>\n\t\t\t\t<\/div>\n\t\t\t\t\t<\/div>\n\t\t\t\t<\/div>\n\t\t\t\t<\/div>\n\t\t","protected":false},"excerpt":{"rendered":"<p>Introducci\u00f3n WTS World Travel Study valora su privacidad y est\u00e1 comprometida con la protecci\u00f3n de sus datos personales. Esta pol\u00edtica [&hellip;]<\/p>\n","protected":false},"author":1,"featured_media":0,"parent":0,"menu_order":0,"comment_status":"closed","ping_status":"closed","template":"","meta":{"_monsterinsights_skip_tracking":false,"_monsterinsights_sitenote_active":false,"_monsterinsights_sitenote_note":"","_monsterinsights_sitenote_category":0,"site-sidebar-layout":"no-sidebar","site-content-layout":"","ast-site-content-layout":"full-width-container","site-content-style":"default","site-sidebar-style":"default","ast-global-header-display":"","ast-banner-title-visibility":"","ast-main-header-display":"","ast-hfb-above-header-display":"","ast-hfb-below-header-display":"","ast-hfb-mobile-header-display":"","site-post-title":"disabled","ast-breadcrumbs-content":"","ast-featured-img":"","footer-sml-layout":"","theme-transparent-header-meta":"default","adv-header-id-meta":"","stick-header-meta":"","header-above-stick-meta":"","header-main-stick-meta":"","header-below-stick-meta":"","astra-migrate-meta-layouts":"set","ast-page-background-enabled":"default","ast-page-background-meta":{"desktop":{"background-color":"var(--ast-global-color-4)","background-image":"","background-repeat":"repeat","background-position":"center center","background-size":"auto","background-attachment":"scroll","background-type":"","background-media":"","overlay-type":"","overlay-color":"","overlay-gradient":""},"tablet":{"background-color":"","background-image":"","background-repeat":"repeat","background-position":"center center","background-size":"auto","background-attachment":"scroll","background-type":"","background-media":"","overlay-type":"","overlay-color":"","overlay-gradient":""},"mobile":{"background-color":"","background-image":"","background-repeat":"repeat","background-position":"center center","background-size":"auto","background-attachment":"scroll","background-type":"","background-media":"","overlay-type":"","overlay-color":"","overlay-gradient":""}},"ast-content-background-meta":{"desktop":{"background-color":"var(--ast-global-color-5)","background-image":"","background-repeat":"repeat","background-position":"center center","background-size":"auto","background-attachment":"scroll","background-type":"","background-media":"","overlay-type":"","overlay-color":"","overlay-gradient":""},"tablet":{"background-color":"var(--ast-global-color-5)","background-image":"","background-repeat":"repeat","background-position":"center center","background-size":"auto","background-attachment":"scroll","background-type":"","background-media":"","overlay-type":"","overlay-color":"","overlay-gradient":""},"mobile":{"background-color":"var(--ast-global-color-5)","background-image":"","background-repeat":"repeat","background-position":"center center","background-size":"auto","background-attachment":"scroll","background-type":"","background-media":"","overlay-type":"","overlay-color":"","overlay-gradient":""}},"footnotes":""},"class_list":["post-7297","page","type-page","status-publish","hentry"],"yoast_head":"<!-- This site is optimized with the Yoast SEO plugin v27.0 - https:\/\/yoast.com\/product\/yoast-seo-wordpress\/ -->\n<title>Pol\u00edtica de Privacidad - WTS Interc\u00e2mbio<\/title>\n<meta name=\"description\" content=\"Introducci\u00f3nWTS World Travel Study valora su privacidad y est\u00e1 comprometida con la protecci\u00f3n de sus datos personales. Esta pol\u00edtica describe c\u00f3mo recopilamos, utilizamos y protegemos su informaci\u00f3n cuando accede a nuestro sitio web y utiliza nuestros servicios. Recopilaci\u00f3n y Uso de DatosRecopilamos informaci\u00f3n personal, acad\u00e9mica y financiera para procesar solicitudes, brindar soporte y facilitar visas, admisiones en instituciones educativas y servicios de viaje. Tambi\u00e9n utilizamos datos de navegaci\u00f3n para mejorar su experiencia en nuestro sitio web. Toda la informaci\u00f3n se maneja de manera segura y se utiliza exclusivamente para los fines descritos en esta pol\u00edtica. Compartici\u00f3n de DatosSus datos pueden ser compartidos \u00fanicamente con instituciones educativas, consulados, socios estrat\u00e9gicos y autoridades pertinentes cuando sea necesario para la prestaci\u00f3n de los servicios contratados. No vendemos ni comercializamos sus datos a terceros. Seguridad y Derechos del UsuarioImplementamos medidas de seguridad para proteger su informaci\u00f3n contra accesos no autorizados. Usted tiene derecho a acceder, corregir o solicitar la eliminaci\u00f3n de sus datos, as\u00ed como revocar su consentimiento cuando sea aplicable. Para ejercer sus derechos, cont\u00e1ctenos en info@palevioletred-porcupine-193407.hostingersite.com5. Cookies y ActualizacionesUtilizamos cookies para mejorar su experiencia en nuestro sitio web. Si lo prefiere, puede desactivarlas en la configuraci\u00f3n de su navegador. Esta pol\u00edtica puede actualizarse peri\u00f3dicamente para reflejar cambios, por lo que recomendamos revisar esta p\u00e1gina con regularidad. ContactoPara cualquier consulta o solicitud relacionada con nuestra Pol\u00edtica de Privacidad, comun\u00edquese con nosotros a trav\u00e9s del correo electr\u00f3nico info@palevioletred-porcupine-193407.hostingersite.com\" \/>\n<meta name=\"robots\" content=\"index, follow, max-snippet:-1, max-image-preview:large, max-video-preview:-1\" \/>\n<link rel=\"canonical\" href=\"https:\/\/wtsintercambio.com\/politica-de-privacidade\/\" \/>\n<meta property=\"og:locale\" content=\"es_ES\" \/>\n<meta property=\"og:type\" content=\"article\" \/>\n<meta property=\"og:title\" content=\"Pol\u00edtica de Privacidad - WTS Interc\u00e2mbio\" \/>\n<meta property=\"og:description\" content=\"Introducci\u00f3nWTS World Travel Study valora su privacidad y est\u00e1 comprometida con la protecci\u00f3n de sus datos personales. Esta pol\u00edtica describe c\u00f3mo recopilamos, utilizamos y protegemos su informaci\u00f3n cuando accede a nuestro sitio web y utiliza nuestros servicios. Recopilaci\u00f3n y Uso de DatosRecopilamos informaci\u00f3n personal, acad\u00e9mica y financiera para procesar solicitudes, brindar soporte y facilitar visas, admisiones en instituciones educativas y servicios de viaje. Tambi\u00e9n utilizamos datos de navegaci\u00f3n para mejorar su experiencia en nuestro sitio web. Toda la informaci\u00f3n se maneja de manera segura y se utiliza exclusivamente para los fines descritos en esta pol\u00edtica. Compartici\u00f3n de DatosSus datos pueden ser compartidos \u00fanicamente con instituciones educativas, consulados, socios estrat\u00e9gicos y autoridades pertinentes cuando sea necesario para la prestaci\u00f3n de los servicios contratados. No vendemos ni comercializamos sus datos a terceros. Seguridad y Derechos del UsuarioImplementamos medidas de seguridad para proteger su informaci\u00f3n contra accesos no autorizados. Usted tiene derecho a acceder, corregir o solicitar la eliminaci\u00f3n de sus datos, as\u00ed como revocar su consentimiento cuando sea aplicable. Para ejercer sus derechos, cont\u00e1ctenos en info@palevioletred-porcupine-193407.hostingersite.com5. Cookies y ActualizacionesUtilizamos cookies para mejorar su experiencia en nuestro sitio web. Si lo prefiere, puede desactivarlas en la configuraci\u00f3n de su navegador. Esta pol\u00edtica puede actualizarse peri\u00f3dicamente para reflejar cambios, por lo que recomendamos revisar esta p\u00e1gina con regularidad. ContactoPara cualquier consulta o solicitud relacionada con nuestra Pol\u00edtica de Privacidad, comun\u00edquese con nosotros a trav\u00e9s del correo electr\u00f3nico info@palevioletred-porcupine-193407.hostingersite.com\" \/>\n<meta property=\"og:url\" content=\"https:\/\/wtsintercambio.com\/politica-de-privacidade\/\" \/>\n<meta property=\"og:site_name\" content=\"WTS Interc\u00e2mbio\" \/>\n<meta property=\"article:modified_time\" content=\"2025-02-09T17:32:59+00:00\" \/>\n<meta name=\"twitter:card\" content=\"summary_large_image\" \/>\n<meta name=\"twitter:label1\" content=\"Tiempo de lectura\" \/>\n\t<meta name=\"twitter:data1\" content=\"1 minuto\" \/>\n<script type=\"application\/ld+json\" class=\"yoast-schema-graph\">{\"@context\":\"https:\/\/schema.org\",\"@graph\":[{\"@type\":\"WebPage\",\"@id\":\"https:\/\/wtsintercambio.com\/politica-de-privacidade\/\",\"url\":\"https:\/\/wtsintercambio.com\/politica-de-privacidade\/\",\"name\":\"Pol\u00edtica de Privacidad - WTS Interc\u00e2mbio\",\"isPartOf\":{\"@id\":\"https:\/\/wtsintercambio.com\/#website\"},\"datePublished\":\"2025-02-09T17:24:58+00:00\",\"dateModified\":\"2025-02-09T17:32:59+00:00\",\"description\":\"Introducci\u00f3nWTS World Travel Study valora su privacidad y est\u00e1 comprometida con la protecci\u00f3n de sus datos personales. Esta pol\u00edtica describe c\u00f3mo recopilamos, utilizamos y protegemos su informaci\u00f3n cuando accede a nuestro sitio web y utiliza nuestros servicios. Recopilaci\u00f3n y Uso de DatosRecopilamos informaci\u00f3n personal, acad\u00e9mica y financiera para procesar solicitudes, brindar soporte y facilitar visas, admisiones en instituciones educativas y servicios de viaje. Tambi\u00e9n utilizamos datos de navegaci\u00f3n para mejorar su experiencia en nuestro sitio web. Toda la informaci\u00f3n se maneja de manera segura y se utiliza exclusivamente para los fines descritos en esta pol\u00edtica. Compartici\u00f3n de DatosSus datos pueden ser compartidos \u00fanicamente con instituciones educativas, consulados, socios estrat\u00e9gicos y autoridades pertinentes cuando sea necesario para la prestaci\u00f3n de los servicios contratados. No vendemos ni comercializamos sus datos a terceros. Seguridad y Derechos del UsuarioImplementamos medidas de seguridad para proteger su informaci\u00f3n contra accesos no autorizados. Usted tiene derecho a acceder, corregir o solicitar la eliminaci\u00f3n de sus datos, as\u00ed como revocar su consentimiento cuando sea aplicable. Para ejercer sus derechos, cont\u00e1ctenos en info@palevioletred-porcupine-193407.hostingersite.com5. Cookies y ActualizacionesUtilizamos cookies para mejorar su experiencia en nuestro sitio web. Si lo prefiere, puede desactivarlas en la configuraci\u00f3n de su navegador. Esta pol\u00edtica puede actualizarse peri\u00f3dicamente para reflejar cambios, por lo que recomendamos revisar esta p\u00e1gina con regularidad. ContactoPara cualquier consulta o solicitud relacionada con nuestra Pol\u00edtica de Privacidad, comun\u00edquese con nosotros a trav\u00e9s del correo electr\u00f3nico info@palevioletred-porcupine-193407.hostingersite.com\",\"breadcrumb\":{\"@id\":\"https:\/\/wtsintercambio.com\/politica-de-privacidade\/#breadcrumb\"},\"inLanguage\":\"es\",\"potentialAction\":[{\"@type\":\"ReadAction\",\"target\":[\"https:\/\/wtsintercambio.com\/politica-de-privacidade\/\"]}]},{\"@type\":\"BreadcrumbList\",\"@id\":\"https:\/\/wtsintercambio.com\/politica-de-privacidade\/#breadcrumb\",\"itemListElement\":[{\"@type\":\"ListItem\",\"position\":1,\"name\":\"In\u00edcio\",\"item\":\"https:\/\/wtsintercambio.com\/es\/\"},{\"@type\":\"ListItem\",\"position\":2,\"name\":\"Pol\u00edtica de Privacidad\"}]},{\"@type\":\"WebSite\",\"@id\":\"https:\/\/wtsintercambio.com\/#website\",\"url\":\"https:\/\/wtsintercambio.com\/\",\"name\":\"WTS Interc\u00e2mbio\",\"description\":\"Cursos no Exterior e Programas de Interc\u00e2mbio.\",\"potentialAction\":[{\"@type\":\"SearchAction\",\"target\":{\"@type\":\"EntryPoint\",\"urlTemplate\":\"https:\/\/wtsintercambio.com\/?s={search_term_string}\"},\"query-input\":{\"@type\":\"PropertyValueSpecification\",\"valueRequired\":true,\"valueName\":\"search_term_string\"}}],\"inLanguage\":\"es\"}]}<\/script>\n<!-- \/ Yoast SEO plugin. -->","yoast_head_json":{"title":"Pol\u00edtica de Privacidad - WTS Interc\u00e2mbio","description":"Introducci\u00f3nWTS World Travel Study valora su privacidad y est\u00e1 comprometida con la protecci\u00f3n de sus datos personales. Esta pol\u00edtica describe c\u00f3mo recopilamos, utilizamos y protegemos su informaci\u00f3n cuando accede a nuestro sitio web y utiliza nuestros servicios. Recopilaci\u00f3n y Uso de DatosRecopilamos informaci\u00f3n personal, acad\u00e9mica y financiera para procesar solicitudes, brindar soporte y facilitar visas, admisiones en instituciones educativas y servicios de viaje. Tambi\u00e9n utilizamos datos de navegaci\u00f3n para mejorar su experiencia en nuestro sitio web. Toda la informaci\u00f3n se maneja de manera segura y se utiliza exclusivamente para los fines descritos en esta pol\u00edtica. Compartici\u00f3n de DatosSus datos pueden ser compartidos \u00fanicamente con instituciones educativas, consulados, socios estrat\u00e9gicos y autoridades pertinentes cuando sea necesario para la prestaci\u00f3n de los servicios contratados. No vendemos ni comercializamos sus datos a terceros. Seguridad y Derechos del UsuarioImplementamos medidas de seguridad para proteger su informaci\u00f3n contra accesos no autorizados. Usted tiene derecho a acceder, corregir o solicitar la eliminaci\u00f3n de sus datos, as\u00ed como revocar su consentimiento cuando sea aplicable. Para ejercer sus derechos, cont\u00e1ctenos en info@palevioletred-porcupine-193407.hostingersite.com5. Cookies y ActualizacionesUtilizamos cookies para mejorar su experiencia en nuestro sitio web. Si lo prefiere, puede desactivarlas en la configuraci\u00f3n de su navegador. Esta pol\u00edtica puede actualizarse peri\u00f3dicamente para reflejar cambios, por lo que recomendamos revisar esta p\u00e1gina con regularidad. ContactoPara cualquier consulta o solicitud relacionada con nuestra Pol\u00edtica de Privacidad, comun\u00edquese con nosotros a trav\u00e9s del correo electr\u00f3nico info@palevioletred-porcupine-193407.hostingersite.com","robots":{"index":"index","follow":"follow","max-snippet":"max-snippet:-1","max-image-preview":"max-image-preview:large","max-video-preview":"max-video-preview:-1"},"canonical":"https:\/\/wtsintercambio.com\/politica-de-privacidade\/","og_locale":"es_ES","og_type":"article","og_title":"Pol\u00edtica de Privacidad - WTS Interc\u00e2mbio","og_description":"Introducci\u00f3nWTS World Travel Study valora su privacidad y est\u00e1 comprometida con la protecci\u00f3n de sus datos personales. Esta pol\u00edtica describe c\u00f3mo recopilamos, utilizamos y protegemos su informaci\u00f3n cuando accede a nuestro sitio web y utiliza nuestros servicios. Recopilaci\u00f3n y Uso de DatosRecopilamos informaci\u00f3n personal, acad\u00e9mica y financiera para procesar solicitudes, brindar soporte y facilitar visas, admisiones en instituciones educativas y servicios de viaje. Tambi\u00e9n utilizamos datos de navegaci\u00f3n para mejorar su experiencia en nuestro sitio web. Toda la informaci\u00f3n se maneja de manera segura y se utiliza exclusivamente para los fines descritos en esta pol\u00edtica. Compartici\u00f3n de DatosSus datos pueden ser compartidos \u00fanicamente con instituciones educativas, consulados, socios estrat\u00e9gicos y autoridades pertinentes cuando sea necesario para la prestaci\u00f3n de los servicios contratados. No vendemos ni comercializamos sus datos a terceros. Seguridad y Derechos del UsuarioImplementamos medidas de seguridad para proteger su informaci\u00f3n contra accesos no autorizados. Usted tiene derecho a acceder, corregir o solicitar la eliminaci\u00f3n de sus datos, as\u00ed como revocar su consentimiento cuando sea aplicable. Para ejercer sus derechos, cont\u00e1ctenos en info@palevioletred-porcupine-193407.hostingersite.com5. Cookies y ActualizacionesUtilizamos cookies para mejorar su experiencia en nuestro sitio web. Si lo prefiere, puede desactivarlas en la configuraci\u00f3n de su navegador. Esta pol\u00edtica puede actualizarse peri\u00f3dicamente para reflejar cambios, por lo que recomendamos revisar esta p\u00e1gina con regularidad. ContactoPara cualquier consulta o solicitud relacionada con nuestra Pol\u00edtica de Privacidad, comun\u00edquese con nosotros a trav\u00e9s del correo electr\u00f3nico info@palevioletred-porcupine-193407.hostingersite.com","og_url":"https:\/\/wtsintercambio.com\/politica-de-privacidade\/","og_site_name":"WTS Interc\u00e2mbio","article_modified_time":"2025-02-09T17:32:59+00:00","twitter_card":"summary_large_image","twitter_misc":{"Tiempo de lectura":"1 minuto"},"schema":{"@context":"https:\/\/schema.org","@graph":[{"@type":"WebPage","@id":"https:\/\/wtsintercambio.com\/politica-de-privacidade\/","url":"https:\/\/wtsintercambio.com\/politica-de-privacidade\/","name":"Pol\u00edtica de Privacidad - WTS Interc\u00e2mbio","isPartOf":{"@id":"https:\/\/wtsintercambio.com\/#website"},"datePublished":"2025-02-09T17:24:58+00:00","dateModified":"2025-02-09T17:32:59+00:00","description":"Introducci\u00f3nWTS World Travel Study valora su privacidad y est\u00e1 comprometida con la protecci\u00f3n de sus datos personales. Esta pol\u00edtica describe c\u00f3mo recopilamos, utilizamos y protegemos su informaci\u00f3n cuando accede a nuestro sitio web y utiliza nuestros servicios. Recopilaci\u00f3n y Uso de DatosRecopilamos informaci\u00f3n personal, acad\u00e9mica y financiera para procesar solicitudes, brindar soporte y facilitar visas, admisiones en instituciones educativas y servicios de viaje. Tambi\u00e9n utilizamos datos de navegaci\u00f3n para mejorar su experiencia en nuestro sitio web. Toda la informaci\u00f3n se maneja de manera segura y se utiliza exclusivamente para los fines descritos en esta pol\u00edtica. Compartici\u00f3n de DatosSus datos pueden ser compartidos \u00fanicamente con instituciones educativas, consulados, socios estrat\u00e9gicos y autoridades pertinentes cuando sea necesario para la prestaci\u00f3n de los servicios contratados. No vendemos ni comercializamos sus datos a terceros. Seguridad y Derechos del UsuarioImplementamos medidas de seguridad para proteger su informaci\u00f3n contra accesos no autorizados. Usted tiene derecho a acceder, corregir o solicitar la eliminaci\u00f3n de sus datos, as\u00ed como revocar su consentimiento cuando sea aplicable. Para ejercer sus derechos, cont\u00e1ctenos en info@palevioletred-porcupine-193407.hostingersite.com5. Cookies y ActualizacionesUtilizamos cookies para mejorar su experiencia en nuestro sitio web. Si lo prefiere, puede desactivarlas en la configuraci\u00f3n de su navegador. Esta pol\u00edtica puede actualizarse peri\u00f3dicamente para reflejar cambios, por lo que recomendamos revisar esta p\u00e1gina con regularidad. ContactoPara cualquier consulta o solicitud relacionada con nuestra Pol\u00edtica de Privacidad, comun\u00edquese con nosotros a trav\u00e9s del correo electr\u00f3nico info@palevioletred-porcupine-193407.hostingersite.com","breadcrumb":{"@id":"https:\/\/wtsintercambio.com\/politica-de-privacidade\/#breadcrumb"},"inLanguage":"es","potentialAction":[{"@type":"ReadAction","target":["https:\/\/wtsintercambio.com\/politica-de-privacidade\/"]}]},{"@type":"BreadcrumbList","@id":"https:\/\/wtsintercambio.com\/politica-de-privacidade\/#breadcrumb","itemListElement":[{"@type":"ListItem","position":1,"name":"In\u00edcio","item":"https:\/\/wtsintercambio.com\/es\/"},{"@type":"ListItem","position":2,"name":"Pol\u00edtica de Privacidad"}]},{"@type":"WebSite","@id":"https:\/\/wtsintercambio.com\/#website","url":"https:\/\/wtsintercambio.com\/","name":"WTS Interc\u00e2mbio","description":"Cursos no Exterior e Programas de Interc\u00e2mbio.","potentialAction":[{"@type":"SearchAction","target":{"@type":"EntryPoint","urlTemplate":"https:\/\/wtsintercambio.com\/?s={search_term_string}"},"query-input":{"@type":"PropertyValueSpecification","valueRequired":true,"valueName":"search_term_string"}}],"inLanguage":"es"}]}},"_hostinger_reach_plugin_has_subscription_block":false,"_hostinger_reach_plugin_is_elementor":false,"_links":{"self":[{"href":"https:\/\/wtsintercambio.com\/es\/wp-json\/wp\/v2\/pages\/7297","targetHints":{"allow":["GET"]}}],"collection":[{"href":"https:\/\/wtsintercambio.com\/es\/wp-json\/wp\/v2\/pages"}],"about":[{"href":"https:\/\/wtsintercambio.com\/es\/wp-json\/wp\/v2\/types\/page"}],"author":[{"embeddable":true,"href":"https:\/\/wtsintercambio.com\/es\/wp-json\/wp\/v2\/users\/1"}],"replies":[{"embeddable":true,"href":"https:\/\/wtsintercambio.com\/es\/wp-json\/wp\/v2\/comments?post=7297"}],"version-history":[{"count":5,"href":"https:\/\/wtsintercambio.com\/es\/wp-json\/wp\/v2\/pages\/7297\/revisions"}],"predecessor-version":[{"id":7306,"href":"https:\/\/wtsintercambio.com\/es\/wp-json\/wp\/v2\/pages\/7297\/revisions\/7306"}],"wp:attachment":[{"href":"https:\/\/wtsintercambio.com\/es\/wp-json\/wp\/v2\/media?parent=7297"}],"curies":[{"name":"wp","href":"https:\/\/api.w.org\/{rel}","templated":true}]}}